{"id":8433,"date":"2026-02-24T14:38:33","date_gmt":"2026-02-24T14:38:33","guid":{"rendered":"https:\/\/flbijouterie.fr\/?page_id=8433"},"modified":"2026-02-28T14:43:01","modified_gmt":"2026-02-28T14:43:01","slug":"sur-mesure","status":"publish","type":"page","link":"https:\/\/flbijouterie.fr\/en\/sur-mesure\/","title":{"rendered":"Sur mesure"},"content":{"rendered":"\t\t<div data-elementor-type=\"wp-page\" data-elementor-id=\"8433\" class=\"elementor elementor-8433\">\n\t\t\t\t<div class=\"elementor-element elementor-element-52f14f7 e-con-full e-flex wpr-particle-no wpr-jarallax-no wpr-parallax-no wpr-sticky-section-no wpr-equal-height-no e-con e-parent\" data-id=\"52f14f7\" data-element_type=\"container\" data-e-type=\"container\">\n\t\t<div class=\"elementor-element elementor-element-17c5255 e-con-full e-flex wpr-particle-no wpr-jarallax-no wpr-parallax-no wpr-sticky-section-no wpr-equal-height-no e-con e-child\" data-id=\"17c5255\" data-element_type=\"container\" data-e-type=\"container\" data-settings=\"{&quot;background_background&quot;:&quot;classic&quot;}\">\n\t\t\t\t<\/div>\n\t\t<div class=\"elementor-element elementor-element-b6120fd e-con-full e-flex wpr-particle-no wpr-jarallax-no wpr-parallax-no wpr-sticky-section-no wpr-equal-height-no e-con e-child\" data-id=\"b6120fd\" data-element_type=\"container\" data-e-type=\"container\" data-settings=\"{&quot;background_background&quot;:&quot;classic&quot;}\">\n\t\t\t\t<div class=\"elementor-element elementor-element-82fa4a5 elementor-widget elementor-widget-text-editor\" data-id=\"82fa4a5\" data-element_type=\"widget\" data-e-type=\"widget\" data-widget_type=\"text-editor.default\">\n\t\t\t\t<div class=\"elementor-widget-container\">\n\t\t\t\t\t\t\t\t\t<p>SUR <strong>MESURE<\/strong><\/p>\t\t\t\t\t\t\t\t<\/div>\n\t\t\t\t<\/div>\n\t\t\t\t<div class=\"elementor-element elementor-element-652b70f elementor-widget elementor-widget-text-editor\" data-id=\"652b70f\" data-element_type=\"widget\" data-e-type=\"widget\" data-widget_type=\"text-editor.default\">\n\t\t\t\t<div class=\"elementor-widget-container\">\n\t\t\t\t\t\t\t\t\t<p>FL Bijouterie, c&rsquo;est aussi vous offrir un service de cr\u00e9ation sur mesure. Votre envie, votre histoire, un bijou qui n&rsquo;appartient qu&rsquo;a vous.<\/p><p>Je vous accompagne dans la conception et dans la fabrication de votre bijou, en vous guidant \u00e0 chaque \u00e9tape.<\/p><p>Un formulaire en bas de cette page vous attend afin de d\u00e9marrer ensemble cette aventure.<\/p>\t\t\t\t\t\t\t\t<\/div>\n\t\t\t\t<\/div>\n\t\t\t\t<\/div>\n\t\t\t\t<\/div>\n\t\t<div class=\"elementor-element elementor-element-8e793ce e-flex e-con-boxed wpr-particle-no wpr-jarallax-no wpr-parallax-no wpr-sticky-section-no wpr-equal-height-no e-con e-parent\" data-id=\"8e793ce\" data-element_type=\"container\" data-e-type=\"container\">\n\t\t\t\t\t<div class=\"e-con-inner\">\n\t\t\t\t<div class=\"elementor-element elementor-element-e5d121e elementor-widget__width-inherit wpr-list-style-none elementor-widget elementor-widget-wpr-posts-timeline\" data-id=\"e5d121e\" data-element_type=\"widget\" data-e-type=\"widget\" data-settings=\"{&quot;animation_offset&quot;:150,&quot;aos_animation_duration&quot;:600}\" data-widget_type=\"wpr-posts-timeline.default\">\n\t\t\t\t<div class=\"elementor-widget-container\">\n\t\t\t\t\t\n\t\t<div class=\"wpr-wrapper wpr-vertical wpr-centered\">\n\t\t\t<div class=\"wpr-timeline-centered wpr-line wpr-both-sided-timeline\"><div class=\"wpr-middle-line\"><\/div><div class=\"wpr-timeline-fill\" data-layout=\"centered\"><\/div><article class=\"wpr-timeline-entry wpr-left-aligned elementor-repeater-item-2a37755\" data-item-id=\"elementor-repeater-item-2a37755\"><div class=\"wpr-timeline-entry-inner\"><div class=\"wpr-main-line-icon wpr-icon\"><i aria-hidden=\"true\" class=\"xlwpf wppb-font-chat\"><\/i><\/div><div class=\"wpr-story-info-vertical wpr-data-wrap \"  data-aos=\"none\" data-aos-left=\"\" data-aos-right=\"\" data-animation-offset=\"150\" data-animation-duration=\"600\"><div class=\"wpr-timeline-content-wrapper\"><div class=\"wpr-content-wrapper\"><div class=\"wpr-title-wrap\"><span class=\"wpr-title\">\u00c9CHANGE<\/span><\/div><div class=\"wpr-description\"><p>On discute ensemble de vos envies, de vos besoins et de votre budget. On imagine ensemble le bijou de vos r\u00eaves<\/p><\/div><\/div><\/div><\/div>\n\t\t\t\t\t\t<\/div>\n\t\t\t\t<\/article><article class=\"wpr-timeline-entry wpr-right-aligned elementor-repeater-item-dc77abf\" data-item-id=\"elementor-repeater-item-dc77abf\"><div class=\"wpr-timeline-entry-inner\"><div class=\"wpr-main-line-icon wpr-icon\"><i aria-hidden=\"true\" class=\"xlwpf wppb-font-handshake\"><\/i><\/div><div class=\"wpr-story-info-vertical wpr-data-wrap \"  data-aos=\"none\" data-aos-left=\"\" data-aos-right=\"\" data-animation-offset=\"150\" data-animation-duration=\"600\"><div class=\"wpr-timeline-content-wrapper\"><div class=\"wpr-content-wrapper\"><div class=\"wpr-title-wrap\"><span class=\"wpr-title\">VALIDATION<\/span><\/div><div class=\"wpr-description\"><p>Je vous envoie des croquis, des notes et les caract\u00e9ristiques de votre futur bijou. Tout est OK pour vous ? C'est parti<\/p><\/div><\/div><\/div><\/div>\n\t\t\t\t\t\t<\/div>\n\t\t\t\t<\/article><article class=\"wpr-timeline-entry wpr-left-aligned elementor-repeater-item-528a050\" data-item-id=\"elementor-repeater-item-528a050\"><div class=\"wpr-timeline-entry-inner\"><div class=\"wpr-main-line-icon wpr-icon\"><i aria-hidden=\"true\" class=\"xlwpf wppb-font-reload-alt\"><\/i><\/div><div class=\"wpr-story-info-vertical wpr-data-wrap \"  data-aos=\"none\" data-aos-left=\"\" data-aos-right=\"\" data-animation-offset=\"150\" data-animation-duration=\"600\"><div class=\"wpr-timeline-content-wrapper\"><div class=\"wpr-content-wrapper\"><div class=\"wpr-title-wrap\"><span class=\"wpr-title\">FABRICATION<\/span><\/div><div class=\"wpr-description\"><p>La fabrication de votre bijou commence. Je vous envoie des photos au fur et \u00e0 mesure de la cr\u00e9ation, je vous tiens inform\u00e9 de l'avanc\u00e9<\/p><\/div><\/div><\/div><\/div>\n\t\t\t\t\t\t<\/div>\n\t\t\t\t<\/article><article class=\"wpr-timeline-entry wpr-right-aligned elementor-repeater-item-afdef43\" data-item-id=\"elementor-repeater-item-afdef43\"><div class=\"wpr-timeline-entry-inner\"><div class=\"wpr-main-line-icon wpr-icon\"><i aria-hidden=\"true\" class=\"xlwpf wppb-font-box\"><\/i><\/div><div class=\"wpr-story-info-vertical wpr-data-wrap \"  data-aos=\"none\" data-aos-left=\"\" data-aos-right=\"\" data-animation-offset=\"150\" data-animation-duration=\"600\"><div class=\"wpr-timeline-content-wrapper\"><div class=\"wpr-content-wrapper\"><div class=\"wpr-title-wrap\"><span class=\"wpr-title\">COMMANDE<\/span><\/div><div class=\"wpr-description\"><p>Votre bijou est pr\u00eat ! Je vous envoie un lien vous permettant de commander votre bijou directement sur la boutique en ligne<\/p><\/div><\/div><\/div><\/div>\n\t\t\t\t\t\t<\/div>\n\t\t\t\t<\/article><\/div>    \n\t\t\t<\/div>\t\t\t\t<\/div>\n\t\t\t\t<\/div>\n\t\t\t\t\t<\/div>\n\t\t\t\t<\/div>\n\t\t<div class=\"elementor-element elementor-element-1091b0c e-con-full e-flex wpr-particle-no wpr-jarallax-no wpr-parallax-no wpr-sticky-section-no wpr-equal-height-no e-con e-parent\" data-id=\"1091b0c\" data-element_type=\"container\" data-e-type=\"container\">\n\t\t\t\t<div class=\"elementor-element elementor-element-fd82279 elementor-invisible elementor-widget elementor-widget-heading\" data-id=\"fd82279\" data-element_type=\"widget\" data-e-type=\"widget\" data-settings=\"{&quot;_animation&quot;:&quot;slideInLeft&quot;,&quot;_animation_mobile&quot;:&quot;fadeInLeft&quot;}\" data-widget_type=\"heading.default\">\n\t\t\t\t<div class=\"elementor-widget-container\">\n\t\t\t\t\t<h2 class=\"elementor-heading-title elementor-size-default\">SUR MESURE<\/h2>\t\t\t\t<\/div>\n\t\t\t\t<\/div>\n\t\t\t\t<div class=\"elementor-element elementor-element-93dbde4 elementor-widget elementor-widget-formidable\" data-id=\"93dbde4\" data-element_type=\"widget\" data-e-type=\"widget\" data-widget_type=\"formidable.default\">\n\t\t\t\t<div class=\"elementor-widget-container\">\n\t\t\t\t\t<div class=\"frm_forms  with_frm_style frm_style_style-formidable\" id=\"frm_form_2_container\" data-token=\"95ac9ce96229b2ea90c971005feea3a8\">\n<form enctype=\"multipart\/form-data\" method=\"post\" class=\"frm-show-form \" id=\"form_commande-personnalisee\" data-token=\"95ac9ce96229b2ea90c971005feea3a8\">\n<div class=\"frm_form_fields \">\n<fieldset>\n<legend class=\"frm_screen_reader\">Commande personnalis\u00e9e<\/legend>\r\n\r\n<div class=\"frm_fields_container\">\n<input type=\"hidden\" name=\"frm_action\" value=\"create\" \/>\n<input type=\"hidden\" name=\"form_id\" value=\"2\" \/>\n<input type=\"hidden\" name=\"frm_hide_fields_2\" id=\"frm_hide_fields_2\" value=\"\" \/>\n<input type=\"hidden\" name=\"form_key\" value=\"commande-personnalisee\" \/>\n<input type=\"hidden\" name=\"item_meta[0]\" value=\"\" \/>\n<input type=\"hidden\" id=\"frm_submit_entry_2\" name=\"frm_submit_entry_2\" value=\"1efcfd56bd\" \/><input type=\"hidden\" name=\"_wp_http_referer\" value=\"\/en\/wp-json\/wp\/v2\/pages\/8433\" \/><div id=\"frm_field_8_container\" class=\"frm_form_field form-field  frm_required_field frm_top_container\">\r\n\t<div  id=\"field_6jao9_label\" class=\"frm_primary_label\">Nom\r\n\t\t<span class=\"frm_required\" aria-hidden=\"true\">*<\/span>\r\n\t<\/div>\r\n\t<fieldset aria-labelledby=\"field_6jao9_label\">\n\t<legend class=\"frm_screen_reader frm_hidden\">\n\t\tNom\t<\/legend>\n\n\t<div  class=\"frm_combo_inputs_container\" id=\"frm_combo_inputs_container_8\" data-name-layout=\"first_last\">\n\t\t\t\t\t<div\n\t\t\t\tid=\"frm_field_8-first_container\"\n\t\t\t\tclass=\"frm_form_field form-field frm_form_subfield-first  frm6\"\n\t\t\t\tdata-sub-field-name=\"first\"\n\t\t\t>\n\t\t\t\t<label for=\"field_6jao9_first\" class=\"frm_screen_reader frm_hidden\">\n\t\t\t\t\tNom\t\t\t\t<\/label>\n\n\t\t\t\t<input  type=\"text\" id=\"field_6jao9_first\" value=\"\" name=\"item_meta[8][first]\" autocomplete=\"given-name\" placeholder=\"Pr\u00e9nom\" data-reqmsg=\"Nom ne peut pas \u00eatre vide.\" aria-required=\"true\" data-invmsg=\"Nom is invalid\" aria-invalid=\"false\"  \/>\t\t\t<\/div>\n\t\t\t\t\t\t<div\n\t\t\t\tid=\"frm_field_8-last_container\"\n\t\t\t\tclass=\"frm_form_field form-field frm_form_subfield-last  frm6\"\n\t\t\t\tdata-sub-field-name=\"last\"\n\t\t\t>\n\t\t\t\t<label for=\"field_6jao9_last\" class=\"frm_screen_reader frm_hidden\">\n\t\t\t\t\tNom\t\t\t\t<\/label>\n\n\t\t\t\t<input  type=\"text\" id=\"field_6jao9_last\" value=\"\" name=\"item_meta[8][last]\" autocomplete=\"family-name\" placeholder=\"Nom\" data-reqmsg=\"Nom ne peut pas \u00eatre vide.\" aria-required=\"true\" data-invmsg=\"Nom is invalid\" aria-invalid=\"false\"  \/>\t\t\t<\/div>\n\t\t\t\t<\/div>\n<\/fieldset>\n\r\n\t\r\n\t\r\n<\/div>\n<div id=\"frm_field_9_container\" class=\"frm_form_field form-field  frm_required_field frm_top_container\">\r\n\t<label for=\"field_srlgt\" id=\"field_srlgt_label\" class=\"frm_primary_label\">E-mail\r\n\t\t<span class=\"frm_required\" aria-hidden=\"true\">*<\/span>\r\n\t<\/label>\r\n\t<input type=\"email\" id=\"field_srlgt\" name=\"item_meta[9]\" value=\"\"  placeholder=\"E-mail\" data-reqmsg=\"E-mail ne peut pas \u00eatre vide.\" aria-required=\"true\" data-invmsg=\"E-mail est non valide\" aria-invalid=\"false\"  \/>\r\n\t\r\n\t\r\n<\/div>\n<div id=\"frm_field_10_container\" class=\"frm_form_field form-field  frm_required_field frm_top_container vertical_radio\">\r\n\t<div  id=\"field_9bghs_label\" class=\"frm_primary_label\">Type(s) de bijou(x)\r\n\t\t<span class=\"frm_required\" aria-hidden=\"true\">*<\/span>\r\n\t<\/div>\r\n\t<div class=\"frm_opt_container\" aria-labelledby=\"field_9bghs_label\" role=\"group\">\t\t<div class=\"frm_checkbox\" id=\"frm_checkbox_10-0\">\t\t\t<label  for=\"field_9bghs-0\">\n\t\t\t<input type=\"checkbox\" name=\"item_meta[10][]\" id=\"field_9bghs-0\" value=\"Bague\"  data-reqmsg=\"Type(s) de bijou(x) ne peut pas \u00eatre vide.\" data-invmsg=\"Type(s) de bijou(x) est non valide\"   aria-required=\"true\"  \/> Bague<\/label><\/div>\n\t\t<div class=\"frm_checkbox\" id=\"frm_checkbox_10-1\">\t\t\t<label  for=\"field_9bghs-1\">\n\t\t\t<input type=\"checkbox\" name=\"item_meta[10][]\" id=\"field_9bghs-1\" value=\"Collier\"  data-reqmsg=\"Type(s) de bijou(x) ne peut pas \u00eatre vide.\" data-invmsg=\"Type(s) de bijou(x) est non valide\"   \/> Collier<\/label><\/div>\n\t\t<div class=\"frm_checkbox\" id=\"frm_checkbox_10-2\">\t\t\t<label  for=\"field_9bghs-2\">\n\t\t\t<input type=\"checkbox\" name=\"item_meta[10][]\" id=\"field_9bghs-2\" value=\"Bracelet\"  data-reqmsg=\"Type(s) de bijou(x) ne peut pas \u00eatre vide.\" data-invmsg=\"Type(s) de bijou(x) est non valide\"   \/> Bracelet<\/label><\/div>\n\t\t<div class=\"frm_checkbox\" id=\"frm_checkbox_10-3\">\t\t\t<label  for=\"field_9bghs-3\">\n\t\t\t<input type=\"checkbox\" name=\"item_meta[10][]\" id=\"field_9bghs-3\" value=\"Boucles d&#039;oreilles\"  data-reqmsg=\"Type(s) de bijou(x) ne peut pas \u00eatre vide.\" data-invmsg=\"Type(s) de bijou(x) est non valide\"   \/> Boucles d'oreilles<\/label><\/div>\n\t\t<div class=\"frm_checkbox\" id=\"frm_checkbox_10-4\">\t\t\t<label  for=\"field_9bghs-4\">\n\t\t\t<input type=\"checkbox\" name=\"item_meta[10][]\" id=\"field_9bghs-4\" value=\"Je ne sais pas encore\"  data-reqmsg=\"Type(s) de bijou(x) ne peut pas \u00eatre vide.\" data-invmsg=\"Type(s) de bijou(x) est non valide\"   \/> Je ne sais pas encore<\/label><\/div>\n<\/div>\r\n\t\r\n\t\r\n<\/div>\n<div id=\"frm_field_11_container\" class=\"frm_form_field form-field  frm_required_field frm_top_container vertical_radio\">\r\n\t<div  id=\"field_a1ppl_label\" class=\"frm_primary_label\">Pierre \/ Gemme\r\n\t\t<span class=\"frm_required\" aria-hidden=\"true\">*<\/span>\r\n\t<\/div>\r\n\t<div class=\"frm_opt_container\" aria-labelledby=\"field_a1ppl_label\" role=\"group\">\t\t<div class=\"frm_checkbox\" id=\"frm_checkbox_11-0\">\t\t\t<label  for=\"field_a1ppl-0\">\n\t\t\t<input type=\"checkbox\" name=\"item_meta[11][]\" id=\"field_a1ppl-0\" value=\"Avec\"  data-reqmsg=\"Pierre \/ Gemme ne peut pas \u00eatre vide.\" data-invmsg=\"Pierre \/ Gemme est non valide\"   aria-required=\"true\"  \/> Avec<\/label><\/div>\n\t\t<div class=\"frm_checkbox\" id=\"frm_checkbox_11-1\">\t\t\t<label  for=\"field_a1ppl-1\">\n\t\t\t<input type=\"checkbox\" name=\"item_meta[11][]\" id=\"field_a1ppl-1\" value=\"Sans\"  data-reqmsg=\"Pierre \/ Gemme ne peut pas \u00eatre vide.\" data-invmsg=\"Pierre \/ Gemme est non valide\"   \/> Sans<\/label><\/div>\n\t\t<div class=\"frm_checkbox\" id=\"frm_checkbox_11-2\">\t\t\t<label  for=\"field_a1ppl-2\">\n\t\t\t<input type=\"checkbox\" name=\"item_meta[11][]\" id=\"field_a1ppl-2\" value=\"Je ne sais pas encore\"  data-reqmsg=\"Pierre \/ Gemme ne peut pas \u00eatre vide.\" data-invmsg=\"Pierre \/ Gemme est non valide\"   \/> Je ne sais pas encore<\/label><\/div>\n<\/div>\r\n\t\r\n\t\r\n<\/div>\n<div id=\"frm_field_12_container\" class=\"frm_form_field form-field  frm_required_field frm_top_container\">\r\n\t<label for=\"field_jktz3\" id=\"field_jktz3_label\" class=\"frm_primary_label\">Mon budget (\u20ac)\r\n\t\t<span class=\"frm_required\" aria-hidden=\"true\">*<\/span>\r\n\t<\/label>\r\n\t<input type=\"number\" id=\"field_jktz3\" name=\"item_meta[12]\" value=\"\"  placeholder=\"Mon budget\" data-reqmsg=\"Mon budget (\u20ac) ne peut pas \u00eatre vide.\" aria-required=\"true\" data-invmsg=\"Mon budget (\u20ac) est non valide\" aria-invalid=\"false\"   min=\"0\" max=\"9999999\" step=\"any\"\/>\r\n\t\r\n\t\r\n<\/div>\n<div id=\"frm_field_13_container\" class=\"frm_form_field form-field  frm_top_container\">\r\n\t<label for=\"field_yt46z\" id=\"field_yt46z_label\" class=\"frm_primary_label\">Mes id\u00e9es, mes envies\r\n\t\t<span class=\"frm_required\" aria-hidden=\"true\"><\/span>\r\n\t<\/label>\r\n\t<textarea name=\"item_meta[13]\" id=\"field_yt46z\" rows=\"5\"  placeholder=\"Vous pouvez me d\u00e9crire votre projet ici si vous le souhaitez\" data-invmsg=\"Mes id\u00e9es, mes envies is invalid\" aria-invalid=\"false\"  ><\/textarea>\r\n\t\r\n\t\r\n<\/div>\n<div id=\"frm_field_6_container\" class=\"frm_form_field form-field \">\r\n\t<div class=\"frm_submit frm_flex\">\r\n<button class=\"frm_button_submit\" type=\"submit\"  >Envoyer<\/button>\r\n\r\n\r\n\r\n<\/div>\r\n<\/div>\n\t<input type=\"hidden\" name=\"item_key\" value=\"\" \/>\n\t\t\t<div id=\"frm_field_22_container\">\n\t\t\t<label for=\"field_9ygvw\" >\n\t\t\t\tIf you are human, leave this field blank.\t\t\t<\/label>\n\t\t\t<input  id=\"field_9ygvw\" type=\"text\" class=\"frm_form_field form-field frm_verify\" name=\"item_meta[22]\" value=\"\"  \/>\n\t\t<\/div>\n\t\t<input name=\"frm_state\" type=\"hidden\" value=\"eB+n\/wrGga3Y9PaMRLKCVlgWN\/4w7HmlpflcF830MYM=\" \/><\/div>\n<\/fieldset>\n<\/div>\n\n<\/form>\n<\/div>\n\t\t\t\t<\/div>\n\t\t\t\t<\/div>\n\t\t\t\t<\/div>\n\t\t\t\t<\/div>\n\t\t","protected":false},"excerpt":{"rendered":"<p>SUR MESURE FL Bijouterie, c&rsquo;est aussi vous offrir un service de cr\u00e9ation sur mesure. Votre envie, votre histoire, un bijou qui n&rsquo;appartient qu&rsquo;a vous. Je vous accompagne dans la conception et dans la fabrication de votre bijou, en vous guidant \u00e0 chaque \u00e9tape. Un formulaire en bas de cette page vous attend afin de d\u00e9marrer ensemble cette aventure. \u00c9CHANGE On discute ensemble de vos envies, de vos besoins et de votre budget. On imagine ensemble le bijou de vos r\u00eaves VALIDATION Je vous envoie des croquis, des notes et les caract\u00e9ristiques de votre futur bijou. Tout est OK pour vous ? C&rsquo;est parti FABRICATION La fabrication de votre bijou commence. Je vous envoie des photos au fur et \u00e0 mesure de la cr\u00e9ation, je vous tiens inform\u00e9 de l&rsquo;avanc\u00e9 COMMANDE Votre bijou est pr\u00eat ! Je vous envoie un lien vous permettant de commander votre bijou directement sur la boutique en ligne SUR MESURE Commande personnalis\u00e9e Nom * Nom Nom Nom E-mail * Type(s) de bijou(x) * Bague Collier Bracelet Boucles d&rsquo;oreilles Je ne sais pas encore Pierre \/ Gemme * Avec Sans Je ne sais pas encore Mon budget (\u20ac) * Mes id\u00e9es, mes envies Envoyer Si vous \u00eates un humain, ne remplissez pas ce champ.<\/p>","protected":false},"author":3,"featured_media":0,"parent":0,"menu_order":0,"comment_status":"closed","ping_status":"closed","template":"","meta":{"footnotes":""},"class_list":["post-8433","page","type-page","status-publish","hentry"],"blocksy_meta":[],"_links":{"self":[{"href":"https:\/\/flbijouterie.fr\/en\/wp-json\/wp\/v2\/pages\/8433","targetHints":{"allow":["GET"]}}],"collection":[{"href":"https:\/\/flbijouterie.fr\/en\/wp-json\/wp\/v2\/pages"}],"about":[{"href":"https:\/\/flbijouterie.fr\/en\/wp-json\/wp\/v2\/types\/page"}],"author":[{"embeddable":true,"href":"https:\/\/flbijouterie.fr\/en\/wp-json\/wp\/v2\/users\/3"}],"replies":[{"embeddable":true,"href":"https:\/\/flbijouterie.fr\/en\/wp-json\/wp\/v2\/comments?post=8433"}],"version-history":[{"count":99,"href":"https:\/\/flbijouterie.fr\/en\/wp-json\/wp\/v2\/pages\/8433\/revisions"}],"predecessor-version":[{"id":9640,"href":"https:\/\/flbijouterie.fr\/en\/wp-json\/wp\/v2\/pages\/8433\/revisions\/9640"}],"wp:attachment":[{"href":"https:\/\/flbijouterie.fr\/en\/wp-json\/wp\/v2\/media?parent=8433"}],"curies":[{"name":"wp","href":"https:\/\/api.w.org\/{rel}","templated":true}]}}