{"id":7215,"date":"2025-06-15T09:24:38","date_gmt":"2025-06-15T09:24:38","guid":{"rendered":"https:\/\/flbijouterie.fr\/?post_type=product&#038;p=7215"},"modified":"2026-03-20T10:28:50","modified_gmt":"2026-03-20T10:28:50","slug":"boucles-oreilles-naiade","status":"publish","type":"product","link":"https:\/\/flbijouterie.fr\/en\/bijoux\/boucles-oreilles-naiade\/","title":{"rendered":"NAIADE"},"content":{"rendered":"<p><b>Argent et perles au charme fluide<\/b><\/p>\n<p><span style=\"font-weight: 400;\">Inspir\u00e9es par la gr\u00e2ce des esprits aquatiques, les boucles d\u2019oreilles <\/span><i><span style=\"font-weight: 400;\">Na\u00efade<\/span><\/i><span style=\"font-weight: 400;\"> m\u00ealent finesse artisanale et \u00e9l\u00e9gance naturelle. Chaque paire est <\/span><b>forg\u00e9e \u00e0 la main en argent 925, <\/b><span style=\"font-weight: 400;\">elles mesurent <\/span><b>25 mm de hauteur<\/b><span style=\"font-weight: 400;\"> et se composent de <\/span><b>cr\u00e9oles \u00e9pur\u00e9es<\/b><span style=\"font-weight: 400;\"> de <\/span><b>2 mm d\u2019\u00e9paisseur<\/b><span style=\"font-weight: 400;\"> accompagn\u00e9es de <\/span><b>pampilles amovibles<\/b><span style=\"font-weight: 400;\"> en argent, orn\u00e9es de <\/span><b>perles de culture d\u2019eau douce blanches<\/b><span style=\"font-weight: 400;\">.\u00a0<\/span><\/p>\n<p><span style=\"font-weight: 400;\">Les pampilles, d\u2019une <\/span><b>largeur de 7,5 mm<\/b><span style=\"font-weight: 400;\">, apportent un \u00e9clat d\u00e9licat et une touche po\u00e9tique. Et parce que la beaut\u00e9 r\u00e9side aussi dans la libert\u00e9, les cr\u00e9oles peuvent \u00eatre port\u00e9es <\/span><b>avec ou sans les pampilles<\/b><span style=\"font-weight: 400;\">, pour s\u2019adapter \u00e0 vos envies du jour.<\/span><\/p>\n<p><span style=\"font-weight: 400;\">Le <\/span><b>poids total de la paire est de 4,5 grammes<\/b><span style=\"font-weight: 400;\">, assurant un port\u00e9 l\u00e9ger, \u00e9l\u00e9gant et confortable.<\/span><\/p>\n<p><span style=\"font-weight: 400;\">Chaque pi\u00e8ce \u00e9tant fa\u00e7onn\u00e9e \u00e0 la main, de l\u00e9g\u00e8res variations rendent votre bijou absolument unique.<\/span><\/p>\n<p>8 hours of work, patience, and passion were required to create this piece of jewelry.<\/p>","protected":false},"excerpt":{"rendered":"<p>925 Silver<\/p>","protected":false},"featured_media":8941,"template":"","meta":[],"product_brand":[],"product_cat":[22,67],"product_tag":[62],"class_list":{"0":"post-7215","1":"product","2":"type-product","3":"status-publish","4":"has-post-thumbnail","6":"product_cat-boucles-d-oreilles","7":"product_cat-tous-les-bijoux","8":"product_tag-boucles-doreilles","10":"first","11":"instock","12":"shipping-taxable","13":"purchasable","14":"product-type-simple"},"_links":{"self":[{"href":"https:\/\/flbijouterie.fr\/en\/wp-json\/wp\/v2\/product\/7215","targetHints":{"allow":["GET"]}}],"collection":[{"href":"https:\/\/flbijouterie.fr\/en\/wp-json\/wp\/v2\/product"}],"about":[{"href":"https:\/\/flbijouterie.fr\/en\/wp-json\/wp\/v2\/types\/product"}],"wp:featuredmedia":[{"embeddable":true,"href":"https:\/\/flbijouterie.fr\/en\/wp-json\/wp\/v2\/media\/8941"}],"wp:attachment":[{"href":"https:\/\/flbijouterie.fr\/en\/wp-json\/wp\/v2\/media?parent=7215"}],"wp:term":[{"taxonomy":"product_brand","embeddable":true,"href":"https:\/\/flbijouterie.fr\/en\/wp-json\/wp\/v2\/product_brand?post=7215"},{"taxonomy":"product_cat","embeddable":true,"href":"https:\/\/flbijouterie.fr\/en\/wp-json\/wp\/v2\/product_cat?post=7215"},{"taxonomy":"product_tag","embeddable":true,"href":"https:\/\/flbijouterie.fr\/en\/wp-json\/wp\/v2\/product_tag?post=7215"}],"curies":[{"name":"wp","href":"https:\/\/api.w.org\/{rel}","templated":true}]}}