{"id":7229,"date":"2025-06-15T09:49:19","date_gmt":"2025-06-15T09:49:19","guid":{"rendered":"https:\/\/flbijouterie.fr\/?post_type=product&#038;p=7229"},"modified":"2026-03-20T10:17:54","modified_gmt":"2026-03-20T10:17:54","slug":"collier-tourtereaux","status":"publish","type":"product","link":"https:\/\/flbijouterie.fr\/en\/bijoux\/collier-tourtereaux\/","title":{"rendered":"TOURTEREAUX"},"content":{"rendered":"<p><b>L\u2019amour en miroir<\/b><\/p>\n<p><span style=\"font-weight: 400;\">Symbole d\u2019un amour tendre et \u00e9quilibr\u00e9, le collier <\/span><i><span style=\"font-weight: 400;\">Tourtereaux<\/span><\/i><span style=\"font-weight: 400;\"> c\u00e9l\u00e8bre l\u2019union et la complicit\u00e9. Son <\/span><b>pendentif en argent 925 forg\u00e9 \u00e0 la main<\/b><span style=\"font-weight: 400;\">, d\u2019une <\/span><b>hauteur de 15,9 mm<\/b><span style=\"font-weight: 400;\">, repr\u00e9sente <\/span><b>deux oiseaux se faisant face<\/b><span style=\"font-weight: 400;\">, un <\/span><b>c\u0153ur d\u00e9licatement suspendu entre leurs becs<\/b><span style=\"font-weight: 400;\">. Un motif po\u00e9tique, porteur de douceur, d\u2019harmonie et d\u2019engagement.<\/span><\/p>\n<p><span style=\"font-weight: 400;\">Mont\u00e9 sur une <\/span><b>cha\u00eene \u00e9l\u00e9gante de 1,8 mm d\u2019\u00e9paisseur<\/b><span style=\"font-weight: 400;\">, longue de <\/span><b>43 cm<\/b><span style=\"font-weight: 400;\">, ce bijou se pose avec gr\u00e2ce au creux du cou. Son <\/span><b>poids de 6,9 grammes<\/b><span style=\"font-weight: 400;\"> lui conf\u00e8re une belle pr\u00e9sence tout en restant l\u00e9ger \u00e0 porter.<\/span><\/p>\n<p><span style=\"font-weight: 400;\">Ce collier est une pi\u00e8ce unique.<\/span><\/p>\n<p>10 hours of work, patience, and passion were required to create this piece of jewelry.<\/p>","protected":false},"excerpt":{"rendered":"<p>925 Silver<\/p>","protected":false},"featured_media":8930,"template":"","meta":[],"product_brand":[],"product_cat":[24,67,63],"product_tag":[59],"class_list":{"0":"post-7229","1":"product","2":"type-product","3":"status-publish","4":"has-post-thumbnail","6":"product_cat-colliers","7":"product_cat-tous-les-bijoux","8":"product_cat-piece-unique","9":"product_tag-collier","11":"first","12":"instock","13":"shipping-taxable","14":"purchasable","15":"product-type-simple"},"_links":{"self":[{"href":"https:\/\/flbijouterie.fr\/en\/wp-json\/wp\/v2\/product\/7229","targetHints":{"allow":["GET"]}}],"collection":[{"href":"https:\/\/flbijouterie.fr\/en\/wp-json\/wp\/v2\/product"}],"about":[{"href":"https:\/\/flbijouterie.fr\/en\/wp-json\/wp\/v2\/types\/product"}],"wp:featuredmedia":[{"embeddable":true,"href":"https:\/\/flbijouterie.fr\/en\/wp-json\/wp\/v2\/media\/8930"}],"wp:attachment":[{"href":"https:\/\/flbijouterie.fr\/en\/wp-json\/wp\/v2\/media?parent=7229"}],"wp:term":[{"taxonomy":"product_brand","embeddable":true,"href":"https:\/\/flbijouterie.fr\/en\/wp-json\/wp\/v2\/product_brand?post=7229"},{"taxonomy":"product_cat","embeddable":true,"href":"https:\/\/flbijouterie.fr\/en\/wp-json\/wp\/v2\/product_cat?post=7229"},{"taxonomy":"product_tag","embeddable":true,"href":"https:\/\/flbijouterie.fr\/en\/wp-json\/wp\/v2\/product_tag?post=7229"}],"curies":[{"name":"wp","href":"https:\/\/api.w.org\/{rel}","templated":true}]}}