{"id":8154,"date":"2025-09-05T06:00:10","date_gmt":"2025-09-05T06:00:10","guid":{"rendered":"https:\/\/flbijouterie.fr\/?post_type=product&#038;p=8154"},"modified":"2026-03-20T10:16:15","modified_gmt":"2026-03-20T10:16:15","slug":"bracelet-ophelia","status":"publish","type":"product","link":"https:\/\/flbijouterie.fr\/en\/bijoux\/bracelet-ophelia\/","title":{"rendered":"OPHELIA"},"content":{"rendered":"<p><span style=\"font-weight: 400;\">Le bracelet \u201cOph\u00e9lia\u201d est enti\u00e8rement mis en forme \u00e0 la main, en argent 925 patin\u00e9.<\/span><\/p>\n<p><span style=\"font-weight: 400;\">Il est inspir\u00e9 de la nature.<\/span><\/p>\n<p><span style=\"font-weight: 400;\">It is a one-of-a-kind piece.<\/span><\/p>\n<p>11 heures de travail, de patience et de passion ont \u00e9t\u00e9 n\u00e9cessaires pour cr\u00e9er ce bijou.<\/p>\n<p>&nbsp;<\/p>\n<p><span style=\"font-weight: 400;\">Longueur 19 cm<\/span><\/p>\n<p><span style=\"font-weight: 400;\">Poids total 7,7 grammes<\/span><\/p>","protected":false},"excerpt":{"rendered":"<p>925 Silver<\/p>","protected":false},"featured_media":8755,"template":"","meta":[],"product_brand":[],"product_cat":[63,31,67],"product_tag":[61],"class_list":{"0":"post-8154","1":"product","2":"type-product","3":"status-publish","4":"has-post-thumbnail","6":"product_cat-piece-unique","7":"product_cat-bracelets","8":"product_cat-tous-les-bijoux","9":"product_tag-bracelet","11":"first","12":"instock","13":"shipping-taxable","14":"purchasable","15":"product-type-simple"},"_links":{"self":[{"href":"https:\/\/flbijouterie.fr\/en\/wp-json\/wp\/v2\/product\/8154","targetHints":{"allow":["GET"]}}],"collection":[{"href":"https:\/\/flbijouterie.fr\/en\/wp-json\/wp\/v2\/product"}],"about":[{"href":"https:\/\/flbijouterie.fr\/en\/wp-json\/wp\/v2\/types\/product"}],"wp:featuredmedia":[{"embeddable":true,"href":"https:\/\/flbijouterie.fr\/en\/wp-json\/wp\/v2\/media\/8755"}],"wp:attachment":[{"href":"https:\/\/flbijouterie.fr\/en\/wp-json\/wp\/v2\/media?parent=8154"}],"wp:term":[{"taxonomy":"product_brand","embeddable":true,"href":"https:\/\/flbijouterie.fr\/en\/wp-json\/wp\/v2\/product_brand?post=8154"},{"taxonomy":"product_cat","embeddable":true,"href":"https:\/\/flbijouterie.fr\/en\/wp-json\/wp\/v2\/product_cat?post=8154"},{"taxonomy":"product_tag","embeddable":true,"href":"https:\/\/flbijouterie.fr\/en\/wp-json\/wp\/v2\/product_tag?post=8154"}],"curies":[{"name":"wp","href":"https:\/\/api.w.org\/{rel}","templated":true}]}}