{"id":8157,"date":"2025-09-05T06:00:39","date_gmt":"2025-09-05T06:00:39","guid":{"rendered":"https:\/\/flbijouterie.fr\/?post_type=product&#038;p=8157"},"modified":"2026-03-20T10:13:40","modified_gmt":"2026-03-20T10:13:40","slug":"collier-perla","status":"publish","type":"product","link":"https:\/\/flbijouterie.fr\/en\/bijoux\/collier-perla\/","title":{"rendered":"PERLA"},"content":{"rendered":"<p><span style=\"font-weight: 400;\">Le collier \u201cPerla\u201d est enti\u00e8rement mis en forme \u00e0 la main, en argent 925 patin\u00e9.<\/span><\/p>\n<p><span style=\"font-weight: 400;\">Il met en valeur une perle d\u2019eau douce et un quartz fraise.<\/span><\/p>\n<p><span style=\"font-weight: 400;\">It is a one-of-a-kind piece.<\/span><\/p>\n<p>9 hours of work, patience, and passion were required to create this piece of jewelry.<\/p>\n<p>&nbsp;<\/p>\n<p><span style=\"font-weight: 400;\">Chaine : 45 cm<\/span><\/p>\n<p>Gemme : Quartz fraise, perle d&rsquo;eau douce<\/p>\n<p><span style=\"font-weight: 400;\">Pendentif : longueur 4,1 cm<\/span><\/p>\n<p><span style=\"font-weight: 400;\">Poids total 7,6 grammes<\/span><\/p>","protected":false},"excerpt":{"rendered":"<p>925 Silver<\/p>","protected":false},"featured_media":8919,"template":"","meta":[],"product_brand":[],"product_cat":[63,24,67],"product_tag":[59],"class_list":{"0":"post-8157","1":"product","2":"type-product","3":"status-publish","4":"has-post-thumbnail","6":"product_cat-piece-unique","7":"product_cat-colliers","8":"product_cat-tous-les-bijoux","9":"product_tag-collier","11":"first","12":"instock","13":"shipping-taxable","14":"purchasable","15":"product-type-simple"},"_links":{"self":[{"href":"https:\/\/flbijouterie.fr\/en\/wp-json\/wp\/v2\/product\/8157","targetHints":{"allow":["GET"]}}],"collection":[{"href":"https:\/\/flbijouterie.fr\/en\/wp-json\/wp\/v2\/product"}],"about":[{"href":"https:\/\/flbijouterie.fr\/en\/wp-json\/wp\/v2\/types\/product"}],"wp:featuredmedia":[{"embeddable":true,"href":"https:\/\/flbijouterie.fr\/en\/wp-json\/wp\/v2\/media\/8919"}],"wp:attachment":[{"href":"https:\/\/flbijouterie.fr\/en\/wp-json\/wp\/v2\/media?parent=8157"}],"wp:term":[{"taxonomy":"product_brand","embeddable":true,"href":"https:\/\/flbijouterie.fr\/en\/wp-json\/wp\/v2\/product_brand?post=8157"},{"taxonomy":"product_cat","embeddable":true,"href":"https:\/\/flbijouterie.fr\/en\/wp-json\/wp\/v2\/product_cat?post=8157"},{"taxonomy":"product_tag","embeddable":true,"href":"https:\/\/flbijouterie.fr\/en\/wp-json\/wp\/v2\/product_tag?post=8157"}],"curies":[{"name":"wp","href":"https:\/\/api.w.org\/{rel}","templated":true}]}}