{"id":8160,"date":"2025-09-05T06:00:59","date_gmt":"2025-09-05T06:00:59","guid":{"rendered":"https:\/\/flbijouterie.fr\/?post_type=product&#038;p=8160"},"modified":"2026-03-20T10:13:07","modified_gmt":"2026-03-20T10:13:07","slug":"boucles-oreilles-freyja","status":"publish","type":"product","link":"https:\/\/flbijouterie.fr\/en\/bijoux\/boucles-oreilles-freyja\/","title":{"rendered":"FREYJA"},"content":{"rendered":"<p><span style=\"font-weight: 400;\">Les boucles d\u2019oreilles \u201cFreyja\u201d sont enti\u00e8rement mises en forme \u00e0 la main, en argent 925 patin\u00e9.\u00a0<\/span><\/p>\n<p><span style=\"font-weight: 400;\">Elles mettent en valeur des cabochons en <\/span><span style=\"font-weight: 400;\">pr\u00e9hnite<\/span><span style=\"font-weight: 400;\">.<\/span><\/p>\n<p><span style=\"font-weight: 400;\">It is a one-of-a-kind piece.<\/span><\/p>\n<p>9 hours of work, patience, and passion were required to create this piece of jewelry.<\/p>\n<p>&nbsp;<\/p>\n<p><span style=\"font-weight: 400;\">Longueur : 3,4 cm<\/span><\/p>\n<p><span style=\"font-weight: 400;\">Gemme : <\/span><span style=\"font-weight: 400;\">pr\u00e9hnite<\/span><\/p>\n<p><span style=\"font-weight: 400;\">Poids total 5,1 grammes soit 2,5 grammes par boucle<\/span><\/p>","protected":false},"excerpt":{"rendered":"<p>925 Silver<\/p>","protected":false},"featured_media":8937,"template":"","meta":[],"product_brand":[],"product_cat":[63,22,67],"product_tag":[62],"class_list":{"0":"post-8160","1":"product","2":"type-product","3":"status-publish","4":"has-post-thumbnail","6":"product_cat-piece-unique","7":"product_cat-boucles-d-oreilles","8":"product_cat-tous-les-bijoux","9":"product_tag-boucles-doreilles","11":"first","12":"instock","13":"shipping-taxable","14":"purchasable","15":"product-type-simple"},"_links":{"self":[{"href":"https:\/\/flbijouterie.fr\/en\/wp-json\/wp\/v2\/product\/8160","targetHints":{"allow":["GET"]}}],"collection":[{"href":"https:\/\/flbijouterie.fr\/en\/wp-json\/wp\/v2\/product"}],"about":[{"href":"https:\/\/flbijouterie.fr\/en\/wp-json\/wp\/v2\/types\/product"}],"wp:featuredmedia":[{"embeddable":true,"href":"https:\/\/flbijouterie.fr\/en\/wp-json\/wp\/v2\/media\/8937"}],"wp:attachment":[{"href":"https:\/\/flbijouterie.fr\/en\/wp-json\/wp\/v2\/media?parent=8160"}],"wp:term":[{"taxonomy":"product_brand","embeddable":true,"href":"https:\/\/flbijouterie.fr\/en\/wp-json\/wp\/v2\/product_brand?post=8160"},{"taxonomy":"product_cat","embeddable":true,"href":"https:\/\/flbijouterie.fr\/en\/wp-json\/wp\/v2\/product_cat?post=8160"},{"taxonomy":"product_tag","embeddable":true,"href":"https:\/\/flbijouterie.fr\/en\/wp-json\/wp\/v2\/product_tag?post=8160"}],"curies":[{"name":"wp","href":"https:\/\/api.w.org\/{rel}","templated":true}]}}