{"id":8245,"date":"2025-10-05T07:00:15","date_gmt":"2025-10-05T07:00:15","guid":{"rendered":"https:\/\/flbijouterie.fr\/?post_type=product&#038;p=8245"},"modified":"2026-03-20T10:11:47","modified_gmt":"2026-03-20T10:11:47","slug":"boucles-oreilles-lunalia","status":"publish","type":"product","link":"https:\/\/flbijouterie.fr\/en\/bijoux\/boucles-oreilles-lunalia\/","title":{"rendered":"LUNALIA"},"content":{"rendered":"<p><span style=\"font-weight: 400;\">Les boucles d\u2019oreilles \u201cLunalia\u201d sont enti\u00e8rement mises en forme \u00e0 la main, en argent 925 patin\u00e9.\u00a0<\/span><\/p>\n<p><span style=\"font-weight: 400;\">Elles mettent en valeur des gouttes en <\/span><span style=\"font-weight: 400;\">pierre de lune <\/span><span style=\"font-weight: 400;\">p\u00eache.<\/span><\/p>\n<p><span style=\"font-weight: 400;\">It is a one-of-a-kind piece.<\/span><\/p>\n<p>8 hours of work, patience, and passion were required to create this piece of jewelry.<\/p>\n<p>&nbsp;<\/p>\n<p><span style=\"font-weight: 400;\">Longueur : 4 cm<\/span><\/p>\n<p><span style=\"font-weight: 400;\">gemme : pierre de lune p\u00eache<\/span><\/p>\n<p><span style=\"font-weight: 400;\">Poids total 6,2 grammes soit 3,1 grammes par boucle<\/span><\/p>","protected":false},"excerpt":{"rendered":"<p>925 Silver<\/p>","protected":false},"featured_media":8935,"template":"","meta":[],"product_brand":[],"product_cat":[67,22,63],"product_tag":[62],"class_list":{"0":"post-8245","1":"product","2":"type-product","3":"status-publish","4":"has-post-thumbnail","6":"product_cat-tous-les-bijoux","7":"product_cat-boucles-d-oreilles","8":"product_cat-piece-unique","9":"product_tag-boucles-doreilles","11":"first","12":"instock","13":"shipping-taxable","14":"purchasable","15":"product-type-simple"},"_links":{"self":[{"href":"https:\/\/flbijouterie.fr\/en\/wp-json\/wp\/v2\/product\/8245","targetHints":{"allow":["GET"]}}],"collection":[{"href":"https:\/\/flbijouterie.fr\/en\/wp-json\/wp\/v2\/product"}],"about":[{"href":"https:\/\/flbijouterie.fr\/en\/wp-json\/wp\/v2\/types\/product"}],"wp:featuredmedia":[{"embeddable":true,"href":"https:\/\/flbijouterie.fr\/en\/wp-json\/wp\/v2\/media\/8935"}],"wp:attachment":[{"href":"https:\/\/flbijouterie.fr\/en\/wp-json\/wp\/v2\/media?parent=8245"}],"wp:term":[{"taxonomy":"product_brand","embeddable":true,"href":"https:\/\/flbijouterie.fr\/en\/wp-json\/wp\/v2\/product_brand?post=8245"},{"taxonomy":"product_cat","embeddable":true,"href":"https:\/\/flbijouterie.fr\/en\/wp-json\/wp\/v2\/product_cat?post=8245"},{"taxonomy":"product_tag","embeddable":true,"href":"https:\/\/flbijouterie.fr\/en\/wp-json\/wp\/v2\/product_tag?post=8245"}],"curies":[{"name":"wp","href":"https:\/\/api.w.org\/{rel}","templated":true}]}}