{"id":8257,"date":"2025-10-05T07:00:02","date_gmt":"2025-10-05T07:00:02","guid":{"rendered":"https:\/\/flbijouterie.fr\/?post_type=product&#038;p=8257"},"modified":"2026-03-20T10:12:21","modified_gmt":"2026-03-20T10:12:21","slug":"collier-sylphira","status":"publish","type":"product","link":"https:\/\/flbijouterie.fr\/en\/bijoux\/collier-sylphira\/","title":{"rendered":"SYLPHIRA"},"content":{"rendered":"<p><span style=\"font-weight: 400;\">Le collier \u201cSylphira\u201d est enti\u00e8rement mis en forme \u00e0 la main, en argent 925 et or 18k patin\u00e9.<\/span><\/p>\n<p><span style=\"font-weight: 400;\">Il est inspir\u00e9 d\u2019une feuille de ch\u00eane sertie d\u2019une cornaline.<\/span><\/p>\n<p><span style=\"font-weight: 400;\">It is a one-of-a-kind piece.<\/span><\/p>\n<p>9 hours of work, patience, and passion were required to create this piece of jewelry.<\/p>\n<p>&nbsp;<\/p>\n<p><span style=\"font-weight: 400;\">Chaine : 45 cm<\/span><\/p>\n<p><span style=\"font-weight: 400;\">Pendant Length: 3.3 cm<\/span><\/p>\n<p><span style=\"font-weight: 400;\">gemme : cornaline<\/span><\/p>\n<p><span style=\"font-weight: 400;\">Poids total 5,1 grammes<\/span><\/p>","protected":false},"excerpt":{"rendered":"<p>Argent 925, Or 18k<\/p>","protected":false},"featured_media":8921,"template":"","meta":[],"product_brand":[],"product_cat":[67,24,63],"product_tag":[59],"class_list":{"0":"post-8257","1":"product","2":"type-product","3":"status-publish","4":"has-post-thumbnail","6":"product_cat-tous-les-bijoux","7":"product_cat-colliers","8":"product_cat-piece-unique","9":"product_tag-collier","11":"first","12":"instock","13":"shipping-taxable","14":"purchasable","15":"product-type-simple"},"_links":{"self":[{"href":"https:\/\/flbijouterie.fr\/en\/wp-json\/wp\/v2\/product\/8257","targetHints":{"allow":["GET"]}}],"collection":[{"href":"https:\/\/flbijouterie.fr\/en\/wp-json\/wp\/v2\/product"}],"about":[{"href":"https:\/\/flbijouterie.fr\/en\/wp-json\/wp\/v2\/types\/product"}],"wp:featuredmedia":[{"embeddable":true,"href":"https:\/\/flbijouterie.fr\/en\/wp-json\/wp\/v2\/media\/8921"}],"wp:attachment":[{"href":"https:\/\/flbijouterie.fr\/en\/wp-json\/wp\/v2\/media?parent=8257"}],"wp:term":[{"taxonomy":"product_brand","embeddable":true,"href":"https:\/\/flbijouterie.fr\/en\/wp-json\/wp\/v2\/product_brand?post=8257"},{"taxonomy":"product_cat","embeddable":true,"href":"https:\/\/flbijouterie.fr\/en\/wp-json\/wp\/v2\/product_cat?post=8257"},{"taxonomy":"product_tag","embeddable":true,"href":"https:\/\/flbijouterie.fr\/en\/wp-json\/wp\/v2\/product_tag?post=8257"}],"curies":[{"name":"wp","href":"https:\/\/api.w.org\/{rel}","templated":true}]}}