{"id":8309,"date":"2025-11-05T07:50:01","date_gmt":"2025-11-05T07:50:01","guid":{"rendered":"https:\/\/flbijouterie.fr\/?post_type=product&#038;p=8309"},"modified":"2026-03-20T10:09:02","modified_gmt":"2026-03-20T10:09:02","slug":"bague-eden","status":"publish","type":"product","link":"https:\/\/flbijouterie.fr\/en\/bijoux\/bague-eden\/","title":{"rendered":"EDEN"},"content":{"rendered":"<p><span style=\"font-weight: 400;\">La bague \u201cEden\u201d est enti\u00e8rement mise en forme \u00e0 la main, en argent 925 patin\u00e9.<\/span><\/p>\n<p><span style=\"font-weight: 400;\">Elle est inspir\u00e9e de la nature et du monde v\u00e9g\u00e9tal.<\/span><\/p>\n<p><span style=\"font-weight: 400;\">Elle met en valeur une pr\u00e9hnite.<\/span><\/p>\n<p><span style=\"font-weight: 400;\">It is a one-of-a-kind piece.<\/span><\/p>\n<p>8 hours of work, patience, and passion were required to create this piece of jewelry.<\/p>\n<p>&nbsp;<\/p>\n<p><span style=\"font-weight: 400;\">Tour de doigt : 54<\/span><\/p>\n<p><span style=\"font-weight: 400;\">Longueur : 1 cm<\/span><\/p>\n<p><span style=\"font-weight: 400;\">gemme : pr\u00e9hnite<\/span><\/p>\n<p><span style=\"font-weight: 400;\">Poids total 3,5 grammes<\/span><\/p>","protected":false},"excerpt":{"rendered":"<p>925 Silver<\/p>","protected":false},"featured_media":8734,"template":"","meta":[],"product_brand":[],"product_cat":[67,23,63],"product_tag":[60],"class_list":{"0":"post-8309","1":"product","2":"type-product","3":"status-publish","4":"has-post-thumbnail","6":"product_cat-tous-les-bijoux","7":"product_cat-bagues","8":"product_cat-piece-unique","9":"product_tag-bague","11":"first","12":"instock","13":"shipping-taxable","14":"purchasable","15":"product-type-variable"},"_links":{"self":[{"href":"https:\/\/flbijouterie.fr\/en\/wp-json\/wp\/v2\/product\/8309","targetHints":{"allow":["GET"]}}],"collection":[{"href":"https:\/\/flbijouterie.fr\/en\/wp-json\/wp\/v2\/product"}],"about":[{"href":"https:\/\/flbijouterie.fr\/en\/wp-json\/wp\/v2\/types\/product"}],"wp:featuredmedia":[{"embeddable":true,"href":"https:\/\/flbijouterie.fr\/en\/wp-json\/wp\/v2\/media\/8734"}],"wp:attachment":[{"href":"https:\/\/flbijouterie.fr\/en\/wp-json\/wp\/v2\/media?parent=8309"}],"wp:term":[{"taxonomy":"product_brand","embeddable":true,"href":"https:\/\/flbijouterie.fr\/en\/wp-json\/wp\/v2\/product_brand?post=8309"},{"taxonomy":"product_cat","embeddable":true,"href":"https:\/\/flbijouterie.fr\/en\/wp-json\/wp\/v2\/product_cat?post=8309"},{"taxonomy":"product_tag","embeddable":true,"href":"https:\/\/flbijouterie.fr\/en\/wp-json\/wp\/v2\/product_tag?post=8309"}],"curies":[{"name":"wp","href":"https:\/\/api.w.org\/{rel}","templated":true}]}}