{"id":9810,"date":"2026-04-09T17:34:21","date_gmt":"2026-04-09T17:34:21","guid":{"rendered":"https:\/\/flbijouterie.fr\/?post_type=product&#038;p=9810"},"modified":"2026-04-10T10:38:52","modified_gmt":"2026-04-10T10:38:52","slug":"boucles-oreilles-lise","status":"publish","type":"product","link":"https:\/\/flbijouterie.fr\/en\/bijoux\/boucles-oreilles-lise\/","title":{"rendered":"LISE"},"content":{"rendered":"<p class=\"translation-block\"><span style=\"font-weight: 400;\">Les boucles d\u2019oreilles Lise<\/span><span style=\"font-weight: 400;\"><br>\r\n<\/span><span style=\"font-weight: 400;\"> Imaginez ces boucles d\u2019oreilles illuminer votre visage : des pierres de quartz rose aux reflets tendres, associ\u00e9es \u00e0 de fines perles d\u2019eau douce, pour une harmonie douce et f\u00e9minine.<\/span><span style=\"font-weight: 400;\"><br>\r\n<\/span><span style=\"font-weight: 400;\"> Elles sont orn\u00e9es de petits n\u0153uds en argent, fa\u00e7onn\u00e9s \u00e0 la main, comme un lien pr\u00e9cieux et raffin\u00e9. Ce d\u00e9tail d\u00e9licat apporte une touche po\u00e9tique, renfor\u00e7ant leur charme romantique.<\/span><span style=\"font-weight: 400;\"><br>\r\n<\/span><span style=\"font-weight: 400;\"> Vous aimerez les porter pour sublimer une tenue du quotidien comme pour accompagner une silhouette plus habill\u00e9e. Lise est une pi\u00e8ce pleine de douceur, l\u00e9g\u00e8re et expressive, pens\u00e9e pour celles qui aiment les bijoux d\u00e9licats mais remarquables.<\/span><span style=\"font-weight: 400;\"><br>\r\n<\/span><span style=\"font-weight: 400;\"> \u2022 Son secret : l\u2019alliance tendre du quartz rose et de la nacre des perles d\u2019eau douce.<\/span><span style=\"font-weight: 400;\"><br>\r\n<\/span><span style=\"font-weight: 400;\"> \u2022 Le d\u00e9tail qui vous s\u00e9duira : ces petits n\u0153uds en argent, \u00e0 la fois subtils et pleins de caract\u00e8re.<\/span><span style=\"font-weight: 400;\"><br>\r\n<\/span><span style=\"font-weight: 400;\"> Ces boucles d\u2019oreilles sont fa\u00e7onn\u00e9es \u00e0 la main en argent 925, dans mon atelier, sp\u00e9cialement pour vous.<\/span><\/p>\n<p><span style=\"font-weight: 400;\">Length: 2.4 cm<\/span><\/p>\n<p class=\"translation-block\"><span style=\"font-weight: 400\">Gemstones: <\/span><span style=\"font-weight: 400\">rose quartz, freshwater pearls<\/span><\/p>\n<p><span style=\"font-weight: 400;\">Total Weight: 2.6 grams, or 1.3 grams per earring<\/span><\/p>","protected":false},"excerpt":{"rendered":"<p>925 silver, rose quartz, freshwater pearls<\/p>","protected":false},"featured_media":9811,"template":"","meta":[],"product_brand":[],"product_cat":[67,22],"product_tag":[62],"class_list":{"0":"post-9810","1":"product","2":"type-product","3":"status-publish","4":"has-post-thumbnail","6":"product_cat-tous-les-bijoux","7":"product_cat-boucles-d-oreilles","8":"product_tag-boucles-doreilles","10":"first","11":"outofstock","12":"shipping-taxable","13":"purchasable","14":"product-type-simple"},"_links":{"self":[{"href":"https:\/\/flbijouterie.fr\/en\/wp-json\/wp\/v2\/product\/9810","targetHints":{"allow":["GET"]}}],"collection":[{"href":"https:\/\/flbijouterie.fr\/en\/wp-json\/wp\/v2\/product"}],"about":[{"href":"https:\/\/flbijouterie.fr\/en\/wp-json\/wp\/v2\/types\/product"}],"wp:featuredmedia":[{"embeddable":true,"href":"https:\/\/flbijouterie.fr\/en\/wp-json\/wp\/v2\/media\/9811"}],"wp:attachment":[{"href":"https:\/\/flbijouterie.fr\/en\/wp-json\/wp\/v2\/media?parent=9810"}],"wp:term":[{"taxonomy":"product_brand","embeddable":true,"href":"https:\/\/flbijouterie.fr\/en\/wp-json\/wp\/v2\/product_brand?post=9810"},{"taxonomy":"product_cat","embeddable":true,"href":"https:\/\/flbijouterie.fr\/en\/wp-json\/wp\/v2\/product_cat?post=9810"},{"taxonomy":"product_tag","embeddable":true,"href":"https:\/\/flbijouterie.fr\/en\/wp-json\/wp\/v2\/product_tag?post=9810"}],"curies":[{"name":"wp","href":"https:\/\/api.w.org\/{rel}","templated":true}]}}