{"id":9827,"date":"2026-04-25T16:19:00","date_gmt":"2026-04-25T16:19:00","guid":{"rendered":"https:\/\/flbijouterie.fr\/?post_type=product&#038;p=9827"},"modified":"2026-04-25T16:19:02","modified_gmt":"2026-04-25T16:19:02","slug":"collier-marina","status":"publish","type":"product","link":"https:\/\/flbijouterie.fr\/en\/bijoux\/collier-marina\/","title":{"rendered":"MARINA"},"content":{"rendered":"<p><span style=\"font-weight: 400;\">Le collier Marina<\/span><span style=\"font-weight: 400;\"><br \/>\n<\/span><span style=\"font-weight: 400;\">Un collier en argent qui attire tout de suite le regard : une cha\u00eene au style minimaliste mais impactant gr\u00e2ce \u00e0 ses maillons allong\u00e9s et \u00e9pur\u00e9s, avec une finition polie qui capte bien la lumi\u00e8re. Avec ses 41 cm, il se porte pr\u00e8s du cou pour un rendu structur\u00e9 et actuel.<\/span><\/p>\n<p><span style=\"font-weight: 400;\">Au centre, un anneau en argent accueille trois \u00e9l\u00e9ments suspendus : un poisson en argent, une goutte d\u2019aventurine et une calc\u00e9doine bleue. Ce contraste entre le m\u00e9tal brillant et les pierres apporte du relief et du mouvement, sans \u00eatre trop charg\u00e9.<\/span><\/p>\n<p><span style=\"font-weight: 400;\">Facile \u00e0 porter, il suffit \u00e0 lui seul pour habiller une tenue simple, mais fonctionne aussi tr\u00e8s bien en accumulation avec d\u2019autres colliers plus fins.<\/span><\/p>\n<ul>\n<li><span style=\"font-weight: 400;\"> Son point fort : une cha\u00eene affirm\u00e9e \u00e9quilibr\u00e9e par un pendentif fin et mobile.<\/span><\/li>\n<li><span style=\"font-weight: 400;\">Le d\u00e9tail qui fait la diff\u00e9rence : le m\u00e9lange argent + pierres, avec ce petit poisson qui apporte une touche originale.<\/span><\/li>\n<\/ul>\n<p><span style=\"font-weight: 400;\">This necklace is handcrafted in 925 silver in my workshop, especially for you.<\/span><\/p>\n<p><span style=\"font-weight: 400;\">Longueur du collier\u00a0 : 41 cm<\/span><\/p>\n<p><span style=\"font-weight: 400;\">Gemme : Amazonite, calc\u00e9doine<\/span><\/p>\n<p><span style=\"font-weight: 400;\">Poids total 13,54 grammes<\/span><\/p>","protected":false},"excerpt":{"rendered":"<p>Argent 925, amazonite, calc\u00e9doine<\/p>","protected":false},"featured_media":9828,"template":"","meta":[],"product_brand":[],"product_cat":[67,24],"product_tag":[59],"class_list":{"0":"post-9827","1":"product","2":"type-product","3":"status-publish","4":"has-post-thumbnail","6":"product_cat-tous-les-bijoux","7":"product_cat-colliers","8":"product_tag-collier","10":"first","11":"instock","12":"shipping-taxable","13":"purchasable","14":"product-type-simple"},"_links":{"self":[{"href":"https:\/\/flbijouterie.fr\/en\/wp-json\/wp\/v2\/product\/9827","targetHints":{"allow":["GET"]}}],"collection":[{"href":"https:\/\/flbijouterie.fr\/en\/wp-json\/wp\/v2\/product"}],"about":[{"href":"https:\/\/flbijouterie.fr\/en\/wp-json\/wp\/v2\/types\/product"}],"wp:featuredmedia":[{"embeddable":true,"href":"https:\/\/flbijouterie.fr\/en\/wp-json\/wp\/v2\/media\/9828"}],"wp:attachment":[{"href":"https:\/\/flbijouterie.fr\/en\/wp-json\/wp\/v2\/media?parent=9827"}],"wp:term":[{"taxonomy":"product_brand","embeddable":true,"href":"https:\/\/flbijouterie.fr\/en\/wp-json\/wp\/v2\/product_brand?post=9827"},{"taxonomy":"product_cat","embeddable":true,"href":"https:\/\/flbijouterie.fr\/en\/wp-json\/wp\/v2\/product_cat?post=9827"},{"taxonomy":"product_tag","embeddable":true,"href":"https:\/\/flbijouterie.fr\/en\/wp-json\/wp\/v2\/product_tag?post=9827"}],"curies":[{"name":"wp","href":"https:\/\/api.w.org\/{rel}","templated":true}]}}