{"id":9839,"date":"2026-05-07T15:06:02","date_gmt":"2026-05-07T15:06:02","guid":{"rendered":"https:\/\/flbijouterie.fr\/?post_type=product&#038;p=9839"},"modified":"2026-05-07T15:06:03","modified_gmt":"2026-05-07T15:06:03","slug":"boucles-oreilles-ondine","status":"publish","type":"product","link":"https:\/\/flbijouterie.fr\/en\/bijoux\/boucles-oreilles-ondine\/","title":{"rendered":"ONDINE"},"content":{"rendered":"<p><span style=\"font-weight: 400;\">Les boucles d\u2019oreilles Ondine<\/span><\/p>\n<p><span style=\"font-weight: 400;\"><br \/>\n<\/span><span style=\"font-weight: 400;\">Imaginez ces boucles d\u2019oreilles illuminer votre visage : de fines cr\u00e9oles en argent 925, orn\u00e9es de petits c\u0153urs et de perles d\u2019eau douce, suspendues comme de d\u00e9licates pampilles en mouvement.<\/span><\/p>\n<p><span style=\"font-weight: 400;\">Avec leurs reflets nacr\u00e9s et leurs d\u00e9tails d\u00e9licats, Ondine \u00e9voque ces tr\u00e9sors pr\u00e9cieux et uniques que l\u2019on garde pr\u00e8s de soi\u2026 comme lorsqu\u2019on dit avoir trouv\u00e9 sa perle rare. Les petits c\u0153urs en argent apportent une touche tendre et romantique, tandis que les perles captent avec douceur la lumi\u00e8re.<\/span><\/p>\n<p><span style=\"font-weight: 400;\">Vous aimerez les porter aussi bien avec une tenue simple qu\u2019avec une silhouette plus \u00e9l\u00e9gante. L\u00e9g\u00e8res et f\u00e9minines, elles sont pens\u00e9es pour celles qui aiment les bijoux po\u00e9tiques, d\u00e9licats et remplis de douceur.<\/span><\/p>\n<ul>\n<li><span style=\"font-weight: 400;\"> Leur secret : l\u2019alliance lumineuse de l\u2019argent 925 et des perles d\u2019eau douce naturelles.<\/span><\/li>\n<li><span style=\"font-weight: 400;\">Le d\u00e9tail qui vous s\u00e9duira : ces petites pampilles d\u00e9licates qui dansent et brillent au moindre mouvement.<\/span><\/li>\n<\/ul>\n<p><span style=\"font-weight: 400;\">Ces boucles d\u2019oreilles sont fa\u00e7onn\u00e9es \u00e0 la main en argent 925, dans mon atelier, sp\u00e9cialement pour vous.<\/span><\/p>\n<p><span style=\"font-weight: 400;\">Longueur : 3 cm<\/span><\/p>\n<p><span style=\"font-weight: 400;\">Gemme : <\/span><span style=\"font-weight: 400;\">perles d\u2019eau douce<\/span><\/p>\n<p><span style=\"font-weight: 400;\">Poids total : 4,8 grammes soit 2,4 grammes par boucle<\/span><\/p>","protected":false},"excerpt":{"rendered":"<p>Argent 925, perles d&rsquo;eau douce<\/p>","protected":false},"featured_media":9840,"template":"","meta":[],"product_brand":[],"product_cat":[67,22],"product_tag":[62],"class_list":{"0":"post-9839","1":"product","2":"type-product","3":"status-publish","4":"has-post-thumbnail","6":"product_cat-tous-les-bijoux","7":"product_cat-boucles-d-oreilles","8":"product_tag-boucles-doreilles","10":"first","11":"instock","12":"shipping-taxable","13":"purchasable","14":"product-type-simple"},"_links":{"self":[{"href":"https:\/\/flbijouterie.fr\/en\/wp-json\/wp\/v2\/product\/9839","targetHints":{"allow":["GET"]}}],"collection":[{"href":"https:\/\/flbijouterie.fr\/en\/wp-json\/wp\/v2\/product"}],"about":[{"href":"https:\/\/flbijouterie.fr\/en\/wp-json\/wp\/v2\/types\/product"}],"wp:featuredmedia":[{"embeddable":true,"href":"https:\/\/flbijouterie.fr\/en\/wp-json\/wp\/v2\/media\/9840"}],"wp:attachment":[{"href":"https:\/\/flbijouterie.fr\/en\/wp-json\/wp\/v2\/media?parent=9839"}],"wp:term":[{"taxonomy":"product_brand","embeddable":true,"href":"https:\/\/flbijouterie.fr\/en\/wp-json\/wp\/v2\/product_brand?post=9839"},{"taxonomy":"product_cat","embeddable":true,"href":"https:\/\/flbijouterie.fr\/en\/wp-json\/wp\/v2\/product_cat?post=9839"},{"taxonomy":"product_tag","embeddable":true,"href":"https:\/\/flbijouterie.fr\/en\/wp-json\/wp\/v2\/product_tag?post=9839"}],"curies":[{"name":"wp","href":"https:\/\/api.w.org\/{rel}","templated":true}]}}